{"id":5932,"date":"2021-02-18T14:48:46","date_gmt":"2021-02-18T14:48:46","guid":{"rendered":"https:\/\/xtrasurfschool.com\/surfunterricht\/level-2-fortgeschrittene\/"},"modified":"2022-02-15T09:24:01","modified_gmt":"2022-02-15T09:24:01","slug":"level-2-fortgeschrittene","status":"publish","type":"page","link":"https:\/\/xtrasurfschool.com\/de\/surfunterricht\/level-2-fortgeschrittene\/","title":{"rendered":"LEVEL 2. FORTGESCHRITTENE"},"content":{"rendered":"<p>[vc_row enable_surfer_icon=&#8220;no&#8220;][vc_column][vc_single_image image=&#8220;3217&#8243; img_size=&#8220;full&#8220;][\/vc_column][\/vc_row][vc_row enable_surfer_icon=&#8220;no&#8220; css=&#8220;.vc_custom_1579277130626{padding-top: 16px !important;}&#8220;][vc_column offset=&#8220;vc_col-lg-offset-0 vc_col-lg-6 vc_col-md-offset-0 vc_col-md-12 vc_col-sm-offset-0 vc_col-xs-12&#8243; el_class=&#8220;qodef-map&#8220;][vc_column_text]<\/p>\n<h4><span style=\"font-weight: bold;\">LEVEL 2. FORTGESCHRITTENE<\/span><\/h4>\n<p>[\/vc_column_text][\/vc_column][vc_column css=&#8220;.vc_custom_1550505500194{margin-left: -15px !important;padding-left: 0px !important;}&#8220; offset=&#8220;vc_col-lg-offset-0 vc_col-lg-6 vc_col-md-offset-0 vc_col-md-12 vc_col-sm-offset-0&#8243;][\/vc_column][\/vc_row][vc_row content_text_aligment=&#8220;left&#8220; enable_surfer_icon=&#8220;no&#8220; css=&#8220;.vc_custom_1582543773844{padding-top: 14px !important;}&#8220;][vc_column][vc_column_text]Du hast bereits die Surfbasics verinnerlicht. Jetzt m\u00f6chtest zum n\u00e4chsten Level aufsteigen<strong>,<\/strong> brauchst aber eXtra Hilfe, um Wellen zu lesen, links oder rechts zu surfen und an einem richtigen Surfspot zu surfen.<\/p>\n<p>Perfekt, unsere Kurse f\u00fcr Fortgeschrittene sind ideal, um dir die F\u00e4higkeiten mitzugeben, die dich in nur kurzer Zeit viel weiterbringen.[\/vc_column_text][vc_column_text]Dank der besonderen Lage Fuerteventuras mitten im Atlantik, haben wir beste und konstante Bedingungen um jeden Tag surfen zu gehen. Die Str\u00e4nde mit langen und weichen Wellen geben dir die M\u00f6glichkeit, dein Surfen auf die n\u00e4chste Stufe zu heben. Aber Vorsicht, Wellenreiten macht s\u00fcchtig!<\/p>\n<p>&nbsp;<\/p>\n<p>Auf diesem Level, werden wir gr\u00fcne Wellen in die richtige Richtung surfen und lernen, grundlegende Man\u00f6ver durchzuf\u00fchren, um jede Welle optimal zu nutzen. Dank dieses Kurses bekommst du das eXtra Vertrauen und Wissen \u00fcber gr\u00fcne Wellen, was dich zu einem noch besseren Surfer macht.[\/vc_column_text][vc_row_inner css=&#8220;.vc_custom_1613567722012{margin-top: 25px !important;}&#8220;][vc_column_inner width=&#8220;1\/3&#8243;][vc_column_text]<\/p>\n<h4><span style=\"font-weight: bold;\">ERFAHRUNGEN:<br \/>\n<\/span><\/h4>\n<p>[\/vc_column_text][vc_column_text]<\/p>\n<ul>\n<li>Richtiges anpaddeln.<\/li>\n<li>Sicheres Stehen (ohne Knie).<\/li>\n<\/ul>\n<p>[\/vc_column_text][vc_empty_space][\/vc_column_inner][vc_column_inner width=&#8220;1\/3&#8243;][vc_column_text]<\/p>\n<h4><span style=\"font-weight: bold;\">WELLENTYP:<br \/>\n<\/span><\/h4>\n<p>[\/vc_column_text][vc_column_text css=&#8220;.vc_custom_1613659782082{margin-top: 20px !important;}&#8220;]Gr\u00fcne Wellen, bis maximal Schulterh\u00f6he. Wir finden den besten Ort f\u00fcr dein Niveau gem\u00e4\u00df der aktuellen Wettervorhersage.[\/vc_column_text][vc_empty_space][\/vc_column_inner][vc_column_inner width=&#8220;1\/3&#8243;][vc_column_text]<\/p>\n<h4><span style=\"font-weight: bold;\">WAS WIR LERNEN:<br \/>\n<\/span><\/h4>\n<p>[\/vc_column_text][vc_column_text css=&#8220;.vc_custom_1617273098226{margin-top: 20px !important;margin-left: 25px !important;}&#8220;]Sicheres Stehen<\/p>\n<p>Lesen der Gr\u00fcnwelle (links oder rechts)<\/p>\n<ul>\n<li>Einstiegszeitpunkt<\/li>\n<li>Wellenlinie<\/li>\n<\/ul>\n<p>[\/vc_column_text][vc_empty_space][\/vc_column_inner][\/vc_row_inner][\/vc_column][\/vc_row][vc_row enable_surfer_icon=&#8220;no&#8220; css=&#8220;.vc_custom_1613568005228{margin-top: 30px !important;}&#8220;][vc_column]<div class=\"qodef-image-gallery qodef-grid-list qodef-disable-bottom-space  qodef-ig-grid-type qodef-three-columns qodef-tiny-space  \">\n\t<div class=\"qodef-ig-inner qodef-outer-space\">\n\t\t\t\t\t<div class=\"qodef-ig-image qodef-item-space\">\n\t\t\t\t<div class=\"qodef-ig-image-inner\">\n\t\t\t\t\t\t\t\t\t\t\t<img width=\"1500\" height=\"1197\" src=\"https:\/\/xtrasurfschool.com\/wp-content\/uploads\/2021\/02\/INTERMEDIO-1.jpg\" class=\"attachment-full size-full\" alt=\"\" loading=\"lazy\" srcset=\"https:\/\/xtrasurfschool.com\/wp-content\/uploads\/2021\/02\/INTERMEDIO-1.jpg 1500w, https:\/\/xtrasurfschool.com\/wp-content\/uploads\/2021\/02\/INTERMEDIO-1-300x239.jpg 300w, https:\/\/xtrasurfschool.com\/wp-content\/uploads\/2021\/02\/INTERMEDIO-1-1024x817.jpg 1024w, https:\/\/xtrasurfschool.com\/wp-content\/uploads\/2021\/02\/INTERMEDIO-1-768x613.jpg 768w\" sizes=\"(max-width: 1500px) 100vw, 1500px\" \/>\t\t\t\t\t\t\t\t\t<\/div>\n\t\t\t<\/div>\n\t\t\t\t\t<div class=\"qodef-ig-image qodef-item-space\">\n\t\t\t\t<div class=\"qodef-ig-image-inner\">\n\t\t\t\t\t\t\t\t\t\t\t<img width=\"1500\" height=\"1197\" src=\"https:\/\/xtrasurfschool.com\/wp-content\/uploads\/2021\/02\/INTERMEDIO-2.jpg\" class=\"attachment-full size-full\" alt=\"\" loading=\"lazy\" srcset=\"https:\/\/xtrasurfschool.com\/wp-content\/uploads\/2021\/02\/INTERMEDIO-2.jpg 1500w, https:\/\/xtrasurfschool.com\/wp-content\/uploads\/2021\/02\/INTERMEDIO-2-300x239.jpg 300w, https:\/\/xtrasurfschool.com\/wp-content\/uploads\/2021\/02\/INTERMEDIO-2-1024x817.jpg 1024w, https:\/\/xtrasurfschool.com\/wp-content\/uploads\/2021\/02\/INTERMEDIO-2-768x613.jpg 768w\" sizes=\"(max-width: 1500px) 100vw, 1500px\" \/>\t\t\t\t\t\t\t\t\t<\/div>\n\t\t\t<\/div>\n\t\t\t\t\t<div class=\"qodef-ig-image qodef-item-space\">\n\t\t\t\t<div class=\"qodef-ig-image-inner\">\n\t\t\t\t\t\t\t\t\t\t\t<img width=\"1500\" height=\"1197\" src=\"https:\/\/xtrasurfschool.com\/wp-content\/uploads\/2021\/02\/intermedio-3.jpg\" class=\"attachment-full size-full\" alt=\"\" loading=\"lazy\" srcset=\"https:\/\/xtrasurfschool.com\/wp-content\/uploads\/2021\/02\/intermedio-3.jpg 1500w, https:\/\/xtrasurfschool.com\/wp-content\/uploads\/2021\/02\/intermedio-3-300x239.jpg 300w, https:\/\/xtrasurfschool.com\/wp-content\/uploads\/2021\/02\/intermedio-3-1024x817.jpg 1024w, https:\/\/xtrasurfschool.com\/wp-content\/uploads\/2021\/02\/intermedio-3-768x613.jpg 768w\" sizes=\"(max-width: 1500px) 100vw, 1500px\" \/>\t\t\t\t\t\t\t\t\t<\/div>\n\t\t\t<\/div>\n\t\t\t<\/div>\n<\/div>[\/vc_column][\/vc_row]<\/p>\n","protected":false},"excerpt":{"rendered":"<p>[vc_row enable_surfer_icon=&#8220;no&#8220;][vc_column][vc_single_image image=&#8220;3217&#8243; img_size=&#8220;full&#8220;][\/vc_column][\/vc_row][vc_row enable_surfer_icon=&#8220;no&#8220; css=&#8220;.vc_custom_1579277130626{padding-top: 16px !important;}&#8220;][vc_column offset=&#8220;vc_col-lg-offset-0 vc_col-lg-6 vc_col-md-offset-0 vc_col-md-12 vc_col-sm-offset-0 vc_col-xs-12&#8243; el_class=&#8220;qodef-map&#8220;][vc_column_text] LEVEL 2. FORTGESCHRITTENE [\/vc_column_text][\/vc_column][vc_column css=&#8220;.vc_custom_1550505500194{margin-left: -15px !important;padding-left: 0px !important;}&#8220; offset=&#8220;vc_col-lg-offset-0 vc_col-lg-6 vc_col-md-offset-0 vc_col-md-12 vc_col-sm-offset-0&#8243;][\/vc_column][\/vc_row][vc_row content_text_aligment=&#8220;left&#8220; enable_surfer_icon=&#8220;no&#8220; css=&#8220;.vc_custom_1582543773844{padding-top: 14px !important;}&#8220;][vc_column][vc_column_text]Du hast bereits die Surfbasics verinnerlicht. Jetzt [&hellip;]<\/p>\n","protected":false},"author":4,"featured_media":0,"parent":5917,"menu_order":0,"comment_status":"closed","ping_status":"closed","template":"","meta":{"_joinchat":[]},"_links":{"self":[{"href":"https:\/\/xtrasurfschool.com\/de\/wp-json\/wp\/v2\/pages\/5932"}],"collection":[{"href":"https:\/\/xtrasurfschool.com\/de\/wp-json\/wp\/v2\/pages"}],"about":[{"href":"https:\/\/xtrasurfschool.com\/de\/wp-json\/wp\/v2\/types\/page"}],"author":[{"embeddable":true,"href":"https:\/\/xtrasurfschool.com\/de\/wp-json\/wp\/v2\/users\/4"}],"replies":[{"embeddable":true,"href":"https:\/\/xtrasurfschool.com\/de\/wp-json\/wp\/v2\/comments?post=5932"}],"version-history":[{"count":0,"href":"https:\/\/xtrasurfschool.com\/de\/wp-json\/wp\/v2\/pages\/5932\/revisions"}],"up":[{"embeddable":true,"href":"https:\/\/xtrasurfschool.com\/de\/wp-json\/wp\/v2\/pages\/5917"}],"wp:attachment":[{"href":"https:\/\/xtrasurfschool.com\/de\/wp-json\/wp\/v2\/media?parent=5932"}],"curies":[{"name":"wp","href":"https:\/\/api.w.org\/{rel}","templated":true}]}}